{"id":1568,"date":"2021-02-01T16:31:07","date_gmt":"2021-02-01T16:31:07","guid":{"rendered":"http:\/\/gianellaparedes.com\/?page_id=1568"},"modified":"2021-02-08T15:01:25","modified_gmt":"2021-02-08T15:01:25","slug":"mind-the-gap","status":"publish","type":"page","link":"https:\/\/gianellaparedes.com\/index.php\/mind-the-gap\/","title":{"rendered":"Mind the gap"},"content":{"rendered":"\t\t<div data-elementor-type=\"wp-post\" data-elementor-id=\"1568\" class=\"elementor elementor-1568\" data-elementor-settings=\"[]\">\n\t\t\t\t\t\t<div class=\"elementor-inner\">\n\t\t\t\t\t\t\t<div class=\"elementor-section-wrap\">\n\t\t\t\t\t\t\t<section class=\"elementor-section elementor-top-section elementor-element elementor-element-1595743 elementor-section-boxed elementor-section-height-default elementor-section-height-default\" data-id=\"1595743\" data-element_type=\"section\">\n\t\t\t\t\t\t<div class=\"elementor-container elementor-column-gap-default\">\n\t\t\t\t\t\t\t<div class=\"elementor-row\">\n\t\t\t\t\t<div class=\"elementor-column elementor-col-100 elementor-top-column elementor-element elementor-element-c6ae793\" data-id=\"c6ae793\" data-element_type=\"column\">\n\t\t\t<div class=\"elementor-column-wrap elementor-element-populated\">\n\t\t\t\t\t\t\t<div class=\"elementor-widget-wrap\">\n\t\t\t\t\t\t<section class=\"elementor-section elementor-inner-section elementor-element elementor-element-8b602eb elementor-section-boxed elementor-section-height-default elementor-section-height-default\" data-id=\"8b602eb\" data-element_type=\"section\">\n\t\t\t\t\t\t<div class=\"elementor-container elementor-column-gap-extended\">\n\t\t\t\t\t\t\t<div class=\"elementor-row\">\n\t\t\t\t\t<div class=\"elementor-column elementor-col-50 elementor-inner-column elementor-element elementor-element-280eacc\" data-id=\"280eacc\" data-element_type=\"column\">\n\t\t\t<div class=\"elementor-column-wrap elementor-element-populated\">\n\t\t\t\t\t\t\t<div class=\"elementor-widget-wrap\">\n\t\t\t\t\t\t<div class=\"elementor-element elementor-element-dcba4aa elementor-hidden-phone elementor-widget elementor-widget-spacer\" data-id=\"dcba4aa\" data-element_type=\"widget\" data-widget_type=\"spacer.default\">\n\t\t\t\t<div class=\"elementor-widget-container\">\n\t\t\t\t\t<div class=\"elementor-spacer\">\n\t\t\t<div class=\"elementor-spacer-inner\"><\/div>\n\t\t<\/div>\n\t\t\t\t<\/div>\n\t\t\t\t<\/div>\n\t\t\t\t<div class=\"elementor-element elementor-element-a89112b elementor-invisible elementor-widget elementor-widget-heading\" data-id=\"a89112b\" data-element_type=\"widget\" data-settings=\"{&quot;_animation&quot;:&quot;swing&quot;}\" data-widget_type=\"heading.default\">\n\t\t\t\t<div class=\"elementor-widget-container\">\n\t\t\t<h2 class=\"elementor-heading-title elementor-size-default\">MIND THE GAP<\/h2>\t\t<\/div>\n\t\t\t\t<\/div>\n\t\t\t\t<div class=\"elementor-element elementor-element-d2ec33c elementor-invisible elementor-widget elementor-widget-heading\" data-id=\"d2ec33c\" data-element_type=\"widget\" data-settings=\"{&quot;_animation&quot;:&quot;slideInDown&quot;}\" data-widget_type=\"heading.default\">\n\t\t\t\t<div class=\"elementor-widget-container\">\n\t\t\t<h2 class=\"elementor-heading-title elementor-size-small\"><a href=\"https:\/\/www.neo2.com\/editorial-mind-the-gap-x-paula-ferragut\/\">PUBLISHED BY NEO2 MAGAZINE<\/a><\/h2>\t\t<\/div>\n\t\t\t\t<\/div>\n\t\t\t\t<div class=\"elementor-element elementor-element-6afb633 elementor-invisible elementor-widget elementor-widget-text-editor\" data-id=\"6afb633\" data-element_type=\"widget\" data-settings=\"{&quot;_animation&quot;:&quot;slideInDown&quot;}\" data-widget_type=\"text-editor.default\">\n\t\t\t\t<div class=\"elementor-widget-container\">\n\t\t\t\t\t<div class=\"elementor-text-editor elementor-clearfix\"><p>Photography by me<br \/>Asistant: <a href=\"https:\/\/www.instagram.com\/helenatravesset\/\">Helena A. Travesset<\/a><br \/>Designer: <a href=\"https:\/\/www.instagram.com\/paulaferragut1\/\">Paula Ferragut<\/a><br \/>Hair: <a href=\"https:\/\/www.instagram.com\/guilanonna\/\">Nonna Guil\u00e0<\/a><br \/>Makeup: <a href=\"https:\/\/www.instagram.com\/sarinameraki\/\">Sara Esc\u00e1nez<\/a> y <a href=\"https:\/\/www.instagram.com\/mkp.sils\/\">Silvia Rivera<\/a><br \/>Models: <a href=\"https:\/\/www.instagram.com\/clara_laetizia\/\">Clara L\u00e4tizia<\/a> y Freddie Wolf <a href=\"https:\/\/www.instagram.com\/twomanagementbarcelona\/\">Two Management<\/a><\/p><\/div>\n\t\t\t\t<\/div>\n\t\t\t\t<\/div>\n\t\t\t\t\t\t<\/div>\n\t\t\t\t\t<\/div>\n\t\t<\/div>\n\t\t\t\t<div class=\"elementor-column elementor-col-50 elementor-inner-column elementor-element elementor-element-894d205\" data-id=\"894d205\" data-element_type=\"column\">\n\t\t\t<div class=\"elementor-column-wrap elementor-element-populated\">\n\t\t\t\t\t\t\t<div class=\"elementor-widget-wrap\">\n\t\t\t\t\t\t<div class=\"elementor-element elementor-element-2a7ae46 elementor-widget elementor-widget-image\" data-id=\"2a7ae46\" data-element_type=\"widget\" data-widget_type=\"image.default\">\n\t\t\t\t<div class=\"elementor-widget-container\">\n\t\t\t\t\t<div class=\"elementor-image\">\n\t\t\t\t\t\t\t\t\t\t<img width=\"640\" height=\"960\" src=\"https:\/\/gianellaparedes.com\/wp-content\/uploads\/2021\/02\/Live-me-alone01483.jpg-web-683x1024.jpg\" class=\"attachment-large size-large\" alt=\"\" loading=\"lazy\" srcset=\"https:\/\/gianellaparedes.com\/wp-content\/uploads\/2021\/02\/Live-me-alone01483.jpg-web-683x1024.jpg 683w, https:\/\/gianellaparedes.com\/wp-content\/uploads\/2021\/02\/Live-me-alone01483.jpg-web-200x300.jpg 200w, https:\/\/gianellaparedes.com\/wp-content\/uploads\/2021\/02\/Live-me-alone01483.jpg-web-768x1151.jpg 768w, https:\/\/gianellaparedes.com\/wp-content\/uploads\/2021\/02\/Live-me-alone01483.jpg-web.jpg 876w\" sizes=\"(max-width: 640px) 100vw, 640px\" \/>\t\t\t\t\t\t\t\t\t\t\t<\/div>\n\t\t\t\t<\/div>\n\t\t\t\t<\/div>\n\t\t\t\t\t\t<\/div>\n\t\t\t\t\t<\/div>\n\t\t<\/div>\n\t\t\t\t\t\t\t\t<\/div>\n\t\t\t\t\t<\/div>\n\t\t<\/section>\n\t\t\t\t<section class=\"elementor-section elementor-inner-section elementor-element elementor-element-0b22036 elementor-section-boxed elementor-section-height-default elementor-section-height-default\" data-id=\"0b22036\" data-element_type=\"section\">\n\t\t\t\t\t\t<div class=\"elementor-container elementor-column-gap-extended\">\n\t\t\t\t\t\t\t<div class=\"elementor-row\">\n\t\t\t\t\t<div class=\"elementor-column elementor-col-50 elementor-inner-column elementor-element elementor-element-3cf2774\" data-id=\"3cf2774\" data-element_type=\"column\">\n\t\t\t<div class=\"elementor-column-wrap elementor-element-populated\">\n\t\t\t\t\t\t\t<div class=\"elementor-widget-wrap\">\n\t\t\t\t\t\t<div class=\"elementor-element elementor-element-de31c4d elementor-widget elementor-widget-image\" data-id=\"de31c4d\" data-element_type=\"widget\" data-widget_type=\"image.default\">\n\t\t\t\t<div class=\"elementor-widget-container\">\n\t\t\t\t\t<div class=\"elementor-image\">\n\t\t\t\t\t\t\t\t\t\t<img width=\"640\" height=\"960\" src=\"https:\/\/gianellaparedes.com\/wp-content\/uploads\/2021\/02\/Live-me-alone01473.jpg-web-683x1024.jpg\" class=\"attachment-large size-large\" alt=\"\" loading=\"lazy\" srcset=\"https:\/\/gianellaparedes.com\/wp-content\/uploads\/2021\/02\/Live-me-alone01473.jpg-web-683x1024.jpg 683w, https:\/\/gianellaparedes.com\/wp-content\/uploads\/2021\/02\/Live-me-alone01473.jpg-web-200x300.jpg 200w, https:\/\/gianellaparedes.com\/wp-content\/uploads\/2021\/02\/Live-me-alone01473.jpg-web-768x1151.jpg 768w, https:\/\/gianellaparedes.com\/wp-content\/uploads\/2021\/02\/Live-me-alone01473.jpg-web.jpg 876w\" sizes=\"(max-width: 640px) 100vw, 640px\" \/>\t\t\t\t\t\t\t\t\t\t\t<\/div>\n\t\t\t\t<\/div>\n\t\t\t\t<\/div>\n\t\t\t\t\t\t<\/div>\n\t\t\t\t\t<\/div>\n\t\t<\/div>\n\t\t\t\t<div class=\"elementor-column elementor-col-50 elementor-inner-column elementor-element elementor-element-8da6a57\" data-id=\"8da6a57\" data-element_type=\"column\">\n\t\t\t<div class=\"elementor-column-wrap elementor-element-populated\">\n\t\t\t\t\t\t\t<div class=\"elementor-widget-wrap\">\n\t\t\t\t\t\t<div class=\"elementor-element elementor-element-65a22cf elementor-widget elementor-widget-image\" data-id=\"65a22cf\" data-element_type=\"widget\" data-widget_type=\"image.default\">\n\t\t\t\t<div class=\"elementor-widget-container\">\n\t\t\t\t\t<div class=\"elementor-image\">\n\t\t\t\t\t\t\t\t\t\t<img width=\"640\" height=\"960\" src=\"https:\/\/gianellaparedes.com\/wp-content\/uploads\/2021\/02\/Live-me-alone01477.jpg-web-683x1024.jpg\" class=\"attachment-large size-large\" alt=\"\" loading=\"lazy\" srcset=\"https:\/\/gianellaparedes.com\/wp-content\/uploads\/2021\/02\/Live-me-alone01477.jpg-web-683x1024.jpg 683w, https:\/\/gianellaparedes.com\/wp-content\/uploads\/2021\/02\/Live-me-alone01477.jpg-web-200x300.jpg 200w, https:\/\/gianellaparedes.com\/wp-content\/uploads\/2021\/02\/Live-me-alone01477.jpg-web-768x1151.jpg 768w, https:\/\/gianellaparedes.com\/wp-content\/uploads\/2021\/02\/Live-me-alone01477.jpg-web.jpg 876w\" sizes=\"(max-width: 640px) 100vw, 640px\" \/>\t\t\t\t\t\t\t\t\t\t\t<\/div>\n\t\t\t\t<\/div>\n\t\t\t\t<\/div>\n\t\t\t\t\t\t<\/div>\n\t\t\t\t\t<\/div>\n\t\t<\/div>\n\t\t\t\t\t\t\t\t<\/div>\n\t\t\t\t\t<\/div>\n\t\t<\/section>\n\t\t\t\t<section class=\"elementor-section elementor-inner-section elementor-element elementor-element-3b2d879 elementor-section-boxed elementor-section-height-default elementor-section-height-default\" data-id=\"3b2d879\" data-element_type=\"section\">\n\t\t\t\t\t\t<div class=\"elementor-container elementor-column-gap-extended\">\n\t\t\t\t\t\t\t<div class=\"elementor-row\">\n\t\t\t\t\t<div class=\"elementor-column elementor-col-50 elementor-inner-column elementor-element elementor-element-1eb6732\" data-id=\"1eb6732\" data-element_type=\"column\">\n\t\t\t<div class=\"elementor-column-wrap elementor-element-populated\">\n\t\t\t\t\t\t\t<div class=\"elementor-widget-wrap\">\n\t\t\t\t\t\t<div class=\"elementor-element elementor-element-9c4f776 elementor-widget elementor-widget-image\" data-id=\"9c4f776\" data-element_type=\"widget\" data-widget_type=\"image.default\">\n\t\t\t\t<div class=\"elementor-widget-container\">\n\t\t\t\t\t<div class=\"elementor-image\">\n\t\t\t\t\t\t\t\t\t\t<img width=\"640\" height=\"960\" src=\"https:\/\/gianellaparedes.com\/wp-content\/uploads\/2021\/02\/Live-me-alone00222.jpg-web-683x1024.jpg\" class=\"attachment-large size-large\" alt=\"\" loading=\"lazy\" srcset=\"https:\/\/gianellaparedes.com\/wp-content\/uploads\/2021\/02\/Live-me-alone00222.jpg-web-683x1024.jpg 683w, https:\/\/gianellaparedes.com\/wp-content\/uploads\/2021\/02\/Live-me-alone00222.jpg-web-200x300.jpg 200w, https:\/\/gianellaparedes.com\/wp-content\/uploads\/2021\/02\/Live-me-alone00222.jpg-web-768x1151.jpg 768w, https:\/\/gianellaparedes.com\/wp-content\/uploads\/2021\/02\/Live-me-alone00222.jpg-web.jpg 876w\" sizes=\"(max-width: 640px) 100vw, 640px\" \/>\t\t\t\t\t\t\t\t\t\t\t<\/div>\n\t\t\t\t<\/div>\n\t\t\t\t<\/div>\n\t\t\t\t\t\t<\/div>\n\t\t\t\t\t<\/div>\n\t\t<\/div>\n\t\t\t\t<div class=\"elementor-column elementor-col-50 elementor-inner-column elementor-element elementor-element-70c126a\" data-id=\"70c126a\" data-element_type=\"column\">\n\t\t\t<div class=\"elementor-column-wrap elementor-element-populated\">\n\t\t\t\t\t\t\t<div class=\"elementor-widget-wrap\">\n\t\t\t\t\t\t<div class=\"elementor-element elementor-element-e69a827 elementor-widget elementor-widget-image\" data-id=\"e69a827\" data-element_type=\"widget\" data-widget_type=\"image.default\">\n\t\t\t\t<div class=\"elementor-widget-container\">\n\t\t\t\t\t<div class=\"elementor-image\">\n\t\t\t\t\t\t\t\t\t\t<img width=\"640\" height=\"960\" src=\"https:\/\/gianellaparedes.com\/wp-content\/uploads\/2021\/02\/Live-me-alone00153.jpg-web-683x1024.jpg\" class=\"attachment-large size-large\" alt=\"\" loading=\"lazy\" srcset=\"https:\/\/gianellaparedes.com\/wp-content\/uploads\/2021\/02\/Live-me-alone00153.jpg-web-683x1024.jpg 683w, https:\/\/gianellaparedes.com\/wp-content\/uploads\/2021\/02\/Live-me-alone00153.jpg-web-200x300.jpg 200w, https:\/\/gianellaparedes.com\/wp-content\/uploads\/2021\/02\/Live-me-alone00153.jpg-web-768x1151.jpg 768w, https:\/\/gianellaparedes.com\/wp-content\/uploads\/2021\/02\/Live-me-alone00153.jpg-web.jpg 876w\" sizes=\"(max-width: 640px) 100vw, 640px\" \/>\t\t\t\t\t\t\t\t\t\t\t<\/div>\n\t\t\t\t<\/div>\n\t\t\t\t<\/div>\n\t\t\t\t\t\t<\/div>\n\t\t\t\t\t<\/div>\n\t\t<\/div>\n\t\t\t\t\t\t\t\t<\/div>\n\t\t\t\t\t<\/div>\n\t\t<\/section>\n\t\t\t\t<section class=\"elementor-section elementor-inner-section elementor-element elementor-element-8a1c44b elementor-section-boxed elementor-section-height-default elementor-section-height-default\" data-id=\"8a1c44b\" data-element_type=\"section\">\n\t\t\t\t\t\t<div class=\"elementor-container elementor-column-gap-extended\">\n\t\t\t\t\t\t\t<div class=\"elementor-row\">\n\t\t\t\t\t<div class=\"elementor-column elementor-col-50 elementor-inner-column elementor-element elementor-element-963f09b\" data-id=\"963f09b\" data-element_type=\"column\">\n\t\t\t<div class=\"elementor-column-wrap elementor-element-populated\">\n\t\t\t\t\t\t\t<div class=\"elementor-widget-wrap\">\n\t\t\t\t\t\t<div class=\"elementor-element elementor-element-1788394 elementor-widget elementor-widget-image\" data-id=\"1788394\" data-element_type=\"widget\" data-widget_type=\"image.default\">\n\t\t\t\t<div class=\"elementor-widget-container\">\n\t\t\t\t\t<div class=\"elementor-image\">\n\t\t\t\t\t\t\t\t\t\t<img width=\"640\" height=\"960\" src=\"https:\/\/gianellaparedes.com\/wp-content\/uploads\/2021\/02\/Live-me-alone00398.jpg-web-683x1024.jpg\" class=\"attachment-large size-large\" alt=\"\" loading=\"lazy\" srcset=\"https:\/\/gianellaparedes.com\/wp-content\/uploads\/2021\/02\/Live-me-alone00398.jpg-web-683x1024.jpg 683w, https:\/\/gianellaparedes.com\/wp-content\/uploads\/2021\/02\/Live-me-alone00398.jpg-web-200x300.jpg 200w, https:\/\/gianellaparedes.com\/wp-content\/uploads\/2021\/02\/Live-me-alone00398.jpg-web-768x1151.jpg 768w, https:\/\/gianellaparedes.com\/wp-content\/uploads\/2021\/02\/Live-me-alone00398.jpg-web.jpg 876w\" sizes=\"(max-width: 640px) 100vw, 640px\" \/>\t\t\t\t\t\t\t\t\t\t\t<\/div>\n\t\t\t\t<\/div>\n\t\t\t\t<\/div>\n\t\t\t\t\t\t<\/div>\n\t\t\t\t\t<\/div>\n\t\t<\/div>\n\t\t\t\t<div class=\"elementor-column elementor-col-50 elementor-inner-column elementor-element elementor-element-3d1fa84\" data-id=\"3d1fa84\" data-element_type=\"column\">\n\t\t\t<div class=\"elementor-column-wrap elementor-element-populated\">\n\t\t\t\t\t\t\t<div class=\"elementor-widget-wrap\">\n\t\t\t\t\t\t<div class=\"elementor-element elementor-element-8a11628 elementor-widget elementor-widget-image\" data-id=\"8a11628\" data-element_type=\"widget\" data-widget_type=\"image.default\">\n\t\t\t\t<div class=\"elementor-widget-container\">\n\t\t\t\t\t<div class=\"elementor-image\">\n\t\t\t\t\t\t\t\t\t\t<img width=\"640\" height=\"960\" src=\"https:\/\/gianellaparedes.com\/wp-content\/uploads\/2021\/02\/Live-me-alone00490.jpg-web-683x1024.jpg\" class=\"attachment-large size-large\" alt=\"\" loading=\"lazy\" srcset=\"https:\/\/gianellaparedes.com\/wp-content\/uploads\/2021\/02\/Live-me-alone00490.jpg-web-683x1024.jpg 683w, https:\/\/gianellaparedes.com\/wp-content\/uploads\/2021\/02\/Live-me-alone00490.jpg-web-200x300.jpg 200w, https:\/\/gianellaparedes.com\/wp-content\/uploads\/2021\/02\/Live-me-alone00490.jpg-web-768x1151.jpg 768w, https:\/\/gianellaparedes.com\/wp-content\/uploads\/2021\/02\/Live-me-alone00490.jpg-web.jpg 876w\" sizes=\"(max-width: 640px) 100vw, 640px\" \/>\t\t\t\t\t\t\t\t\t\t\t<\/div>\n\t\t\t\t<\/div>\n\t\t\t\t<\/div>\n\t\t\t\t\t\t<\/div>\n\t\t\t\t\t<\/div>\n\t\t<\/div>\n\t\t\t\t\t\t\t\t<\/div>\n\t\t\t\t\t<\/div>\n\t\t<\/section>\n\t\t\t\t<section class=\"elementor-section elementor-inner-section elementor-element elementor-element-8ad54f2 elementor-section-boxed elementor-section-height-default elementor-section-height-default\" data-id=\"8ad54f2\" data-element_type=\"section\">\n\t\t\t\t\t\t<div class=\"elementor-container elementor-column-gap-extended\">\n\t\t\t\t\t\t\t<div class=\"elementor-row\">\n\t\t\t\t\t<div class=\"elementor-column elementor-col-50 elementor-inner-column elementor-element elementor-element-904a596\" data-id=\"904a596\" data-element_type=\"column\">\n\t\t\t<div class=\"elementor-column-wrap elementor-element-populated\">\n\t\t\t\t\t\t\t<div class=\"elementor-widget-wrap\">\n\t\t\t\t\t\t<div class=\"elementor-element elementor-element-db6ab07 elementor-widget elementor-widget-image\" data-id=\"db6ab07\" data-element_type=\"widget\" data-widget_type=\"image.default\">\n\t\t\t\t<div class=\"elementor-widget-container\">\n\t\t\t\t\t<div class=\"elementor-image\">\n\t\t\t\t\t\t\t\t\t\t<img width=\"640\" height=\"960\" src=\"https:\/\/gianellaparedes.com\/wp-content\/uploads\/2021\/02\/Live-me-alone00444.jpg-web-683x1024.jpg\" class=\"attachment-large size-large\" alt=\"\" loading=\"lazy\" srcset=\"https:\/\/gianellaparedes.com\/wp-content\/uploads\/2021\/02\/Live-me-alone00444.jpg-web-683x1024.jpg 683w, https:\/\/gianellaparedes.com\/wp-content\/uploads\/2021\/02\/Live-me-alone00444.jpg-web-200x300.jpg 200w, https:\/\/gianellaparedes.com\/wp-content\/uploads\/2021\/02\/Live-me-alone00444.jpg-web-768x1151.jpg 768w, https:\/\/gianellaparedes.com\/wp-content\/uploads\/2021\/02\/Live-me-alone00444.jpg-web.jpg 876w\" sizes=\"(max-width: 640px) 100vw, 640px\" \/>\t\t\t\t\t\t\t\t\t\t\t<\/div>\n\t\t\t\t<\/div>\n\t\t\t\t<\/div>\n\t\t\t\t\t\t<\/div>\n\t\t\t\t\t<\/div>\n\t\t<\/div>\n\t\t\t\t<div class=\"elementor-column elementor-col-50 elementor-inner-column elementor-element elementor-element-604cfaf\" data-id=\"604cfaf\" data-element_type=\"column\">\n\t\t\t<div class=\"elementor-column-wrap elementor-element-populated\">\n\t\t\t\t\t\t\t<div class=\"elementor-widget-wrap\">\n\t\t\t\t\t\t<div class=\"elementor-element elementor-element-f7fac06 elementor-widget elementor-widget-image\" data-id=\"f7fac06\" data-element_type=\"widget\" data-widget_type=\"image.default\">\n\t\t\t\t<div class=\"elementor-widget-container\">\n\t\t\t\t\t<div class=\"elementor-image\">\n\t\t\t\t\t\t\t\t\t\t<img width=\"640\" height=\"960\" src=\"https:\/\/gianellaparedes.com\/wp-content\/uploads\/2021\/02\/Live-me-alone00253.jpg-web-683x1024.jpg\" class=\"attachment-large size-large\" alt=\"\" loading=\"lazy\" srcset=\"https:\/\/gianellaparedes.com\/wp-content\/uploads\/2021\/02\/Live-me-alone00253.jpg-web-683x1024.jpg 683w, https:\/\/gianellaparedes.com\/wp-content\/uploads\/2021\/02\/Live-me-alone00253.jpg-web-200x300.jpg 200w, https:\/\/gianellaparedes.com\/wp-content\/uploads\/2021\/02\/Live-me-alone00253.jpg-web-768x1151.jpg 768w, https:\/\/gianellaparedes.com\/wp-content\/uploads\/2021\/02\/Live-me-alone00253.jpg-web.jpg 876w\" sizes=\"(max-width: 640px) 100vw, 640px\" \/>\t\t\t\t\t\t\t\t\t\t\t<\/div>\n\t\t\t\t<\/div>\n\t\t\t\t<\/div>\n\t\t\t\t\t\t<\/div>\n\t\t\t\t\t<\/div>\n\t\t<\/div>\n\t\t\t\t\t\t\t\t<\/div>\n\t\t\t\t\t<\/div>\n\t\t<\/section>\n\t\t\t\t\t\t<\/div>\n\t\t\t\t\t<\/div>\n\t\t<\/div>\n\t\t\t\t\t\t\t\t<\/div>\n\t\t\t\t\t<\/div>\n\t\t<\/section>\n\t\t\t\t\t\t<\/div>\n\t\t\t\t\t\t<\/div>\n\t\t\t\t\t<\/div>\n\t\t","protected":false},"excerpt":{"rendered":"<p>MIND THE GAP PUBLISHED BY NEO2 MAGAZINE Photography by meAsistant: Helena A. TravessetDesigner: Paula FerragutHair: Nonna Guil\u00e0Makeup: Sara Esc\u00e1nez y Silvia RiveraModels: Clara L\u00e4tizia y Freddie Wolf Two Management<\/p>\n","protected":false},"author":1,"featured_media":0,"parent":0,"menu_order":0,"comment_status":"closed","ping_status":"closed","template":"","meta":[],"_links":{"self":[{"href":"https:\/\/gianellaparedes.com\/index.php\/wp-json\/wp\/v2\/pages\/1568"}],"collection":[{"href":"https:\/\/gianellaparedes.com\/index.php\/wp-json\/wp\/v2\/pages"}],"about":[{"href":"https:\/\/gianellaparedes.com\/index.php\/wp-json\/wp\/v2\/types\/page"}],"author":[{"embeddable":true,"href":"https:\/\/gianellaparedes.com\/index.php\/wp-json\/wp\/v2\/users\/1"}],"replies":[{"embeddable":true,"href":"https:\/\/gianellaparedes.com\/index.php\/wp-json\/wp\/v2\/comments?post=1568"}],"version-history":[{"count":26,"href":"https:\/\/gianellaparedes.com\/index.php\/wp-json\/wp\/v2\/pages\/1568\/revisions"}],"predecessor-version":[{"id":2315,"href":"https:\/\/gianellaparedes.com\/index.php\/wp-json\/wp\/v2\/pages\/1568\/revisions\/2315"}],"wp:attachment":[{"href":"https:\/\/gianellaparedes.com\/index.php\/wp-json\/wp\/v2\/media?parent=1568"}],"curies":[{"name":"wp","href":"https:\/\/api.w.org\/{rel}","templated":true}]}}